{"id":102603,"date":"2024-06-03T11:38:28","date_gmt":"2024-06-03T09:38:28","guid":{"rendered":"https:\/\/screennetwork.pl\/locations\/super-screen\/galeria-katowicka\/"},"modified":"2024-06-03T11:38:30","modified_gmt":"2024-06-03T09:38:30","slug":"galeria-katowicka","status":"publish","type":"page","link":"https:\/\/screennetwork.pl\/en\/locations\/super-screen\/galeria-katowicka\/","title":{"rendered":"Galeria Katowicka"},"content":{"rendered":"<p><br data-mce-bogus=\"1\"><\/p>\n","protected":false},"excerpt":{"rendered":"","protected":false},"author":1,"featured_media":102641,"parent":645,"menu_order":40,"comment_status":"closed","ping_status":"closed","template":"template-efekty_poziom_2efekt.php","meta":{"inline_featured_image":false,"footnotes":""},"class_list":["post-102603","page","type-page","status-publish","has-post-thumbnail","hentry"],"acf":[],"yoast_head":"<!-- This site is optimized with the Yoast SEO plugin v27.4 - https:\/\/yoast.com\/product\/yoast-seo-wordpress\/ -->\n<title>Galeria Katowicka - Screen Network<\/title>\n<meta name=\"robots\" content=\"index, follow, max-snippet:-1, max-image-preview:large, max-video-preview:-1\" \/>\n<link rel=\"canonical\" href=\"https:\/\/screennetwork.pl\/en\/locations\/super-screen\/galeria-katowicka\/\" \/>\n<meta property=\"og:locale\" content=\"en_US\" \/>\n<meta property=\"og:type\" content=\"article\" \/>\n<meta property=\"og:title\" content=\"Galeria Katowicka - Screen Network\" \/>\n<meta property=\"og:url\" content=\"https:\/\/screennetwork.pl\/en\/locations\/super-screen\/galeria-katowicka\/\" \/>\n<meta property=\"og:site_name\" content=\"Screen Network\" \/>\n<meta property=\"article:modified_time\" content=\"2024-06-03T09:38:30+00:00\" \/>\n<meta property=\"og:image\" content=\"https:\/\/screennetwork.pl\/wp-content\/uploads\/2024\/06\/Reklama-Katowice-Ekran-reklamowy-Galeria-Katowicka-telebim-LED-Screen-Network.jpg\" \/>\n\t<meta property=\"og:image:width\" content=\"1920\" \/>\n\t<meta property=\"og:image:height\" content=\"1080\" \/>\n\t<meta property=\"og:image:type\" content=\"image\/jpeg\" \/>\n<meta name=\"twitter:card\" content=\"summary_large_image\" \/>\n<script type=\"application\/ld+json\" class=\"yoast-schema-graph\">{\"@context\":\"https:\\\/\\\/schema.org\",\"@graph\":[{\"@type\":\"WebPage\",\"@id\":\"https:\\\/\\\/screennetwork.pl\\\/en\\\/locations\\\/super-screen\\\/galeria-katowicka\\\/\",\"url\":\"https:\\\/\\\/screennetwork.pl\\\/en\\\/locations\\\/super-screen\\\/galeria-katowicka\\\/\",\"name\":\"Galeria Katowicka - Screen Network\",\"isPartOf\":{\"@id\":\"https:\\\/\\\/screennetwork.pl\\\/en\\\/#website\"},\"primaryImageOfPage\":{\"@id\":\"https:\\\/\\\/screennetwork.pl\\\/en\\\/locations\\\/super-screen\\\/galeria-katowicka\\\/#primaryimage\"},\"image\":{\"@id\":\"https:\\\/\\\/screennetwork.pl\\\/en\\\/locations\\\/super-screen\\\/galeria-katowicka\\\/#primaryimage\"},\"thumbnailUrl\":\"https:\\\/\\\/screennetwork.pl\\\/wp-content\\\/uploads\\\/2024\\\/06\\\/Ekran-reklamowy-na-fasadzie-Galerii-Katowickiej-Digital-Network.jpg\",\"datePublished\":\"2024-06-03T09:38:28+00:00\",\"dateModified\":\"2024-06-03T09:38:30+00:00\",\"breadcrumb\":{\"@id\":\"https:\\\/\\\/screennetwork.pl\\\/en\\\/locations\\\/super-screen\\\/galeria-katowicka\\\/#breadcrumb\"},\"inLanguage\":\"en-US\",\"potentialAction\":[{\"@type\":\"ReadAction\",\"target\":[\"https:\\\/\\\/screennetwork.pl\\\/en\\\/locations\\\/super-screen\\\/galeria-katowicka\\\/\"]}]},{\"@type\":\"ImageObject\",\"inLanguage\":\"en-US\",\"@id\":\"https:\\\/\\\/screennetwork.pl\\\/en\\\/locations\\\/super-screen\\\/galeria-katowicka\\\/#primaryimage\",\"url\":\"https:\\\/\\\/screennetwork.pl\\\/wp-content\\\/uploads\\\/2024\\\/06\\\/Ekran-reklamowy-na-fasadzie-Galerii-Katowickiej-Digital-Network.jpg\",\"contentUrl\":\"https:\\\/\\\/screennetwork.pl\\\/wp-content\\\/uploads\\\/2024\\\/06\\\/Ekran-reklamowy-na-fasadzie-Galerii-Katowickiej-Digital-Network.jpg\",\"width\":1920,\"height\":1080,\"caption\":\"Powsta\u0142o \u015bl\u0105skie Time Square\"},{\"@type\":\"BreadcrumbList\",\"@id\":\"https:\\\/\\\/screennetwork.pl\\\/en\\\/locations\\\/super-screen\\\/galeria-katowicka\\\/#breadcrumb\",\"itemListElement\":[{\"@type\":\"ListItem\",\"position\":1,\"name\":\"Strona g\u0142\u00f3wna\",\"item\":\"https:\\\/\\\/screennetwork.pl\\\/en\\\/\"},{\"@type\":\"ListItem\",\"position\":2,\"name\":\"Locations\",\"item\":\"https:\\\/\\\/screennetwork.pl\\\/en\\\/locations\\\/\"},{\"@type\":\"ListItem\",\"position\":3,\"name\":\"Super screen\",\"item\":\"https:\\\/\\\/screennetwork.pl\\\/en\\\/?page_id=645\"},{\"@type\":\"ListItem\",\"position\":4,\"name\":\"Galeria Katowicka\"}]},{\"@type\":\"WebSite\",\"@id\":\"https:\\\/\\\/screennetwork.pl\\\/en\\\/#website\",\"url\":\"https:\\\/\\\/screennetwork.pl\\\/en\\\/\",\"name\":\"Screen Network\",\"description\":\"\",\"potentialAction\":[{\"@type\":\"SearchAction\",\"target\":{\"@type\":\"EntryPoint\",\"urlTemplate\":\"https:\\\/\\\/screennetwork.pl\\\/en\\\/?s={search_term_string}\"},\"query-input\":{\"@type\":\"PropertyValueSpecification\",\"valueRequired\":true,\"valueName\":\"search_term_string\"}}],\"inLanguage\":\"en-US\"}]}<\/script>\n<!-- \/ Yoast SEO plugin. -->","yoast_head_json":{"title":"Galeria Katowicka - Screen Network","robots":{"index":"index","follow":"follow","max-snippet":"max-snippet:-1","max-image-preview":"max-image-preview:large","max-video-preview":"max-video-preview:-1"},"canonical":"https:\/\/screennetwork.pl\/en\/locations\/super-screen\/galeria-katowicka\/","og_locale":"en_US","og_type":"article","og_title":"Galeria Katowicka - Screen Network","og_url":"https:\/\/screennetwork.pl\/en\/locations\/super-screen\/galeria-katowicka\/","og_site_name":"Screen Network","article_modified_time":"2024-06-03T09:38:30+00:00","og_image":[{"width":1920,"height":1080,"url":"https:\/\/screennetwork.pl\/wp-content\/uploads\/2024\/06\/Reklama-Katowice-Ekran-reklamowy-Galeria-Katowicka-telebim-LED-Screen-Network.jpg","type":"image\/jpeg"}],"twitter_card":"summary_large_image","schema":{"@context":"https:\/\/schema.org","@graph":[{"@type":"WebPage","@id":"https:\/\/screennetwork.pl\/en\/locations\/super-screen\/galeria-katowicka\/","url":"https:\/\/screennetwork.pl\/en\/locations\/super-screen\/galeria-katowicka\/","name":"Galeria Katowicka - Screen Network","isPartOf":{"@id":"https:\/\/screennetwork.pl\/en\/#website"},"primaryImageOfPage":{"@id":"https:\/\/screennetwork.pl\/en\/locations\/super-screen\/galeria-katowicka\/#primaryimage"},"image":{"@id":"https:\/\/screennetwork.pl\/en\/locations\/super-screen\/galeria-katowicka\/#primaryimage"},"thumbnailUrl":"https:\/\/screennetwork.pl\/wp-content\/uploads\/2024\/06\/Ekran-reklamowy-na-fasadzie-Galerii-Katowickiej-Digital-Network.jpg","datePublished":"2024-06-03T09:38:28+00:00","dateModified":"2024-06-03T09:38:30+00:00","breadcrumb":{"@id":"https:\/\/screennetwork.pl\/en\/locations\/super-screen\/galeria-katowicka\/#breadcrumb"},"inLanguage":"en-US","potentialAction":[{"@type":"ReadAction","target":["https:\/\/screennetwork.pl\/en\/locations\/super-screen\/galeria-katowicka\/"]}]},{"@type":"ImageObject","inLanguage":"en-US","@id":"https:\/\/screennetwork.pl\/en\/locations\/super-screen\/galeria-katowicka\/#primaryimage","url":"https:\/\/screennetwork.pl\/wp-content\/uploads\/2024\/06\/Ekran-reklamowy-na-fasadzie-Galerii-Katowickiej-Digital-Network.jpg","contentUrl":"https:\/\/screennetwork.pl\/wp-content\/uploads\/2024\/06\/Ekran-reklamowy-na-fasadzie-Galerii-Katowickiej-Digital-Network.jpg","width":1920,"height":1080,"caption":"Powsta\u0142o \u015bl\u0105skie Time Square"},{"@type":"BreadcrumbList","@id":"https:\/\/screennetwork.pl\/en\/locations\/super-screen\/galeria-katowicka\/#breadcrumb","itemListElement":[{"@type":"ListItem","position":1,"name":"Strona g\u0142\u00f3wna","item":"https:\/\/screennetwork.pl\/en\/"},{"@type":"ListItem","position":2,"name":"Locations","item":"https:\/\/screennetwork.pl\/en\/locations\/"},{"@type":"ListItem","position":3,"name":"Super screen","item":"https:\/\/screennetwork.pl\/en\/?page_id=645"},{"@type":"ListItem","position":4,"name":"Galeria Katowicka"}]},{"@type":"WebSite","@id":"https:\/\/screennetwork.pl\/en\/#website","url":"https:\/\/screennetwork.pl\/en\/","name":"Screen Network","description":"","potentialAction":[{"@type":"SearchAction","target":{"@type":"EntryPoint","urlTemplate":"https:\/\/screennetwork.pl\/en\/?s={search_term_string}"},"query-input":{"@type":"PropertyValueSpecification","valueRequired":true,"valueName":"search_term_string"}}],"inLanguage":"en-US"}]}},"_links":{"self":[{"href":"https:\/\/screennetwork.pl\/en\/wp-json\/wp\/v2\/pages\/102603","targetHints":{"allow":["GET"]}}],"collection":[{"href":"https:\/\/screennetwork.pl\/en\/wp-json\/wp\/v2\/pages"}],"about":[{"href":"https:\/\/screennetwork.pl\/en\/wp-json\/wp\/v2\/types\/page"}],"author":[{"embeddable":true,"href":"https:\/\/screennetwork.pl\/en\/wp-json\/wp\/v2\/users\/1"}],"replies":[{"embeddable":true,"href":"https:\/\/screennetwork.pl\/en\/wp-json\/wp\/v2\/comments?post=102603"}],"version-history":[{"count":1,"href":"https:\/\/screennetwork.pl\/en\/wp-json\/wp\/v2\/pages\/102603\/revisions"}],"predecessor-version":[{"id":102604,"href":"https:\/\/screennetwork.pl\/en\/wp-json\/wp\/v2\/pages\/102603\/revisions\/102604"}],"up":[{"embeddable":true,"href":"https:\/\/screennetwork.pl\/en\/wp-json\/wp\/v2\/pages\/645"}],"wp:featuredmedia":[{"embeddable":true,"href":"https:\/\/screennetwork.pl\/en\/wp-json\/wp\/v2\/media\/102641"}],"wp:attachment":[{"href":"https:\/\/screennetwork.pl\/en\/wp-json\/wp\/v2\/media?parent=102603"}],"curies":[{"name":"wp","href":"https:\/\/api.w.org\/{rel}","templated":true}]}}