{"id":104278,"date":"2025-06-10T14:25:11","date_gmt":"2025-06-10T12:25:11","guid":{"rendered":"https:\/\/screennetwork.pl\/dworzec-poznan-glowny-outdoor\/"},"modified":"2025-06-10T14:25:11","modified_gmt":"2025-06-10T12:25:11","slug":"dworzec-poznan-glowny-outdoor","status":"publish","type":"page","link":"https:\/\/screennetwork.pl\/en\/locations\/super-screen\/dworzec-poznan-glowny-outdoor\/","title":{"rendered":"Dworzec Pozna\u0144 G\u0142\u00f3wny \u2013 outdoor"},"content":{"rendered":"","protected":false},"excerpt":{"rendered":"","protected":false},"author":1,"featured_media":103019,"parent":645,"menu_order":269,"comment_status":"closed","ping_status":"closed","template":"template-efekty_poziom_2efekt.php","meta":{"inline_featured_image":false,"footnotes":""},"class_list":["post-104278","page","type-page","status-publish","has-post-thumbnail","hentry"],"acf":[],"yoast_head":"<!-- This site is optimized with the Yoast SEO plugin v27.3 - https:\/\/yoast.com\/product\/yoast-seo-wordpress\/ -->\n<title>Dworzec Pozna\u0144 G\u0142\u00f3wny \u2013 outdoor - Screen Network<\/title>\n<meta name=\"robots\" content=\"noindex, nofollow\" \/>\n<meta property=\"og:locale\" content=\"en_US\" \/>\n<meta property=\"og:type\" content=\"article\" \/>\n<meta property=\"og:title\" content=\"Dworzec Pozna\u0144 G\u0142\u00f3wny \u2013 outdoor - Screen Network\" \/>\n<meta property=\"og:url\" content=\"https:\/\/screennetwork.pl\/en\/locations\/super-screen\/dworzec-poznan-glowny-outdoor\/\" \/>\n<meta property=\"og:site_name\" content=\"Screen Network\" \/>\n<meta property=\"og:image\" content=\"https:\/\/screennetwork.pl\/wp-content\/uploads\/2024\/11\/Dworzec-Poznan-Glowny-outdoor-ekran-reklamowy-Digital-OOH.jpg\" \/>\n\t<meta property=\"og:image:width\" content=\"1920\" \/>\n\t<meta property=\"og:image:height\" content=\"1080\" \/>\n\t<meta property=\"og:image:type\" content=\"image\/jpeg\" \/>\n<meta name=\"twitter:card\" content=\"summary_large_image\" \/>\n<script type=\"application\/ld+json\" class=\"yoast-schema-graph\">{\"@context\":\"https:\\\/\\\/schema.org\",\"@graph\":[{\"@type\":\"WebPage\",\"@id\":\"https:\\\/\\\/screennetwork.pl\\\/en\\\/locations\\\/super-screen\\\/dworzec-poznan-glowny-outdoor\\\/\",\"url\":\"https:\\\/\\\/screennetwork.pl\\\/en\\\/locations\\\/super-screen\\\/dworzec-poznan-glowny-outdoor\\\/\",\"name\":\"Dworzec Pozna\u0144 G\u0142\u00f3wny \u2013 outdoor - Screen Network\",\"isPartOf\":{\"@id\":\"https:\\\/\\\/screennetwork.pl\\\/en\\\/#website\"},\"primaryImageOfPage\":{\"@id\":\"https:\\\/\\\/screennetwork.pl\\\/en\\\/locations\\\/super-screen\\\/dworzec-poznan-glowny-outdoor\\\/#primaryimage\"},\"image\":{\"@id\":\"https:\\\/\\\/screennetwork.pl\\\/en\\\/locations\\\/super-screen\\\/dworzec-poznan-glowny-outdoor\\\/#primaryimage\"},\"thumbnailUrl\":\"https:\\\/\\\/screennetwork.pl\\\/wp-content\\\/uploads\\\/2024\\\/11\\\/Dworzec-Poznan-Glowny-outdoor-ekran-reklamowy-Digital-OOH.jpg\",\"datePublished\":\"2025-06-10T12:25:11+00:00\",\"breadcrumb\":{\"@id\":\"https:\\\/\\\/screennetwork.pl\\\/en\\\/locations\\\/super-screen\\\/dworzec-poznan-glowny-outdoor\\\/#breadcrumb\"},\"inLanguage\":\"en-US\",\"potentialAction\":[{\"@type\":\"ReadAction\",\"target\":[\"https:\\\/\\\/screennetwork.pl\\\/en\\\/locations\\\/super-screen\\\/dworzec-poznan-glowny-outdoor\\\/\"]}]},{\"@type\":\"ImageObject\",\"inLanguage\":\"en-US\",\"@id\":\"https:\\\/\\\/screennetwork.pl\\\/en\\\/locations\\\/super-screen\\\/dworzec-poznan-glowny-outdoor\\\/#primaryimage\",\"url\":\"https:\\\/\\\/screennetwork.pl\\\/wp-content\\\/uploads\\\/2024\\\/11\\\/Dworzec-Poznan-Glowny-outdoor-ekran-reklamowy-Digital-OOH.jpg\",\"contentUrl\":\"https:\\\/\\\/screennetwork.pl\\\/wp-content\\\/uploads\\\/2024\\\/11\\\/Dworzec-Poznan-Glowny-outdoor-ekran-reklamowy-Digital-OOH.jpg\",\"width\":1920,\"height\":1080},{\"@type\":\"BreadcrumbList\",\"@id\":\"https:\\\/\\\/screennetwork.pl\\\/en\\\/locations\\\/super-screen\\\/dworzec-poznan-glowny-outdoor\\\/#breadcrumb\",\"itemListElement\":[{\"@type\":\"ListItem\",\"position\":1,\"name\":\"Strona g\u0142\u00f3wna\",\"item\":\"https:\\\/\\\/screennetwork.pl\\\/en\\\/\"},{\"@type\":\"ListItem\",\"position\":2,\"name\":\"Dworzec Pozna\u0144 G\u0142\u00f3wny \u2013 outdoor\"}]},{\"@type\":\"WebSite\",\"@id\":\"https:\\\/\\\/screennetwork.pl\\\/en\\\/#website\",\"url\":\"https:\\\/\\\/screennetwork.pl\\\/en\\\/\",\"name\":\"Screen Network\",\"description\":\"\",\"potentialAction\":[{\"@type\":\"SearchAction\",\"target\":{\"@type\":\"EntryPoint\",\"urlTemplate\":\"https:\\\/\\\/screennetwork.pl\\\/en\\\/?s={search_term_string}\"},\"query-input\":{\"@type\":\"PropertyValueSpecification\",\"valueRequired\":true,\"valueName\":\"search_term_string\"}}],\"inLanguage\":\"en-US\"}]}<\/script>\n<!-- \/ Yoast SEO plugin. -->","yoast_head_json":{"title":"Dworzec Pozna\u0144 G\u0142\u00f3wny \u2013 outdoor - Screen Network","robots":{"index":"noindex","follow":"nofollow"},"og_locale":"en_US","og_type":"article","og_title":"Dworzec Pozna\u0144 G\u0142\u00f3wny \u2013 outdoor - Screen Network","og_url":"https:\/\/screennetwork.pl\/en\/locations\/super-screen\/dworzec-poznan-glowny-outdoor\/","og_site_name":"Screen Network","og_image":[{"width":1920,"height":1080,"url":"https:\/\/screennetwork.pl\/wp-content\/uploads\/2024\/11\/Dworzec-Poznan-Glowny-outdoor-ekran-reklamowy-Digital-OOH.jpg","type":"image\/jpeg"}],"twitter_card":"summary_large_image","schema":{"@context":"https:\/\/schema.org","@graph":[{"@type":"WebPage","@id":"https:\/\/screennetwork.pl\/en\/locations\/super-screen\/dworzec-poznan-glowny-outdoor\/","url":"https:\/\/screennetwork.pl\/en\/locations\/super-screen\/dworzec-poznan-glowny-outdoor\/","name":"Dworzec Pozna\u0144 G\u0142\u00f3wny \u2013 outdoor - Screen Network","isPartOf":{"@id":"https:\/\/screennetwork.pl\/en\/#website"},"primaryImageOfPage":{"@id":"https:\/\/screennetwork.pl\/en\/locations\/super-screen\/dworzec-poznan-glowny-outdoor\/#primaryimage"},"image":{"@id":"https:\/\/screennetwork.pl\/en\/locations\/super-screen\/dworzec-poznan-glowny-outdoor\/#primaryimage"},"thumbnailUrl":"https:\/\/screennetwork.pl\/wp-content\/uploads\/2024\/11\/Dworzec-Poznan-Glowny-outdoor-ekran-reklamowy-Digital-OOH.jpg","datePublished":"2025-06-10T12:25:11+00:00","breadcrumb":{"@id":"https:\/\/screennetwork.pl\/en\/locations\/super-screen\/dworzec-poznan-glowny-outdoor\/#breadcrumb"},"inLanguage":"en-US","potentialAction":[{"@type":"ReadAction","target":["https:\/\/screennetwork.pl\/en\/locations\/super-screen\/dworzec-poznan-glowny-outdoor\/"]}]},{"@type":"ImageObject","inLanguage":"en-US","@id":"https:\/\/screennetwork.pl\/en\/locations\/super-screen\/dworzec-poznan-glowny-outdoor\/#primaryimage","url":"https:\/\/screennetwork.pl\/wp-content\/uploads\/2024\/11\/Dworzec-Poznan-Glowny-outdoor-ekran-reklamowy-Digital-OOH.jpg","contentUrl":"https:\/\/screennetwork.pl\/wp-content\/uploads\/2024\/11\/Dworzec-Poznan-Glowny-outdoor-ekran-reklamowy-Digital-OOH.jpg","width":1920,"height":1080},{"@type":"BreadcrumbList","@id":"https:\/\/screennetwork.pl\/en\/locations\/super-screen\/dworzec-poznan-glowny-outdoor\/#breadcrumb","itemListElement":[{"@type":"ListItem","position":1,"name":"Strona g\u0142\u00f3wna","item":"https:\/\/screennetwork.pl\/en\/"},{"@type":"ListItem","position":2,"name":"Dworzec Pozna\u0144 G\u0142\u00f3wny \u2013 outdoor"}]},{"@type":"WebSite","@id":"https:\/\/screennetwork.pl\/en\/#website","url":"https:\/\/screennetwork.pl\/en\/","name":"Screen Network","description":"","potentialAction":[{"@type":"SearchAction","target":{"@type":"EntryPoint","urlTemplate":"https:\/\/screennetwork.pl\/en\/?s={search_term_string}"},"query-input":{"@type":"PropertyValueSpecification","valueRequired":true,"valueName":"search_term_string"}}],"inLanguage":"en-US"}]}},"_links":{"self":[{"href":"https:\/\/screennetwork.pl\/en\/wp-json\/wp\/v2\/pages\/104278","targetHints":{"allow":["GET"]}}],"collection":[{"href":"https:\/\/screennetwork.pl\/en\/wp-json\/wp\/v2\/pages"}],"about":[{"href":"https:\/\/screennetwork.pl\/en\/wp-json\/wp\/v2\/types\/page"}],"author":[{"embeddable":true,"href":"https:\/\/screennetwork.pl\/en\/wp-json\/wp\/v2\/users\/1"}],"replies":[{"embeddable":true,"href":"https:\/\/screennetwork.pl\/en\/wp-json\/wp\/v2\/comments?post=104278"}],"version-history":[{"count":0,"href":"https:\/\/screennetwork.pl\/en\/wp-json\/wp\/v2\/pages\/104278\/revisions"}],"up":[{"embeddable":true,"href":"https:\/\/screennetwork.pl\/en\/wp-json\/wp\/v2\/pages\/645"}],"wp:featuredmedia":[{"embeddable":true,"href":"https:\/\/screennetwork.pl\/en\/wp-json\/wp\/v2\/media\/103019"}],"wp:attachment":[{"href":"https:\/\/screennetwork.pl\/en\/wp-json\/wp\/v2\/media?parent=104278"}],"curies":[{"name":"wp","href":"https:\/\/api.w.org\/{rel}","templated":true}]}}